{"id":1577,"date":"2017-09-05T16:43:40","date_gmt":"2017-09-05T14:43:40","guid":{"rendered":"https:\/\/www.smil-luzern.ch\/nb\/?page_id=1577"},"modified":"2017-09-07T11:35:22","modified_gmt":"2017-09-07T09:35:22","slug":"smil","status":"publish","type":"page","link":"https:\/\/www.smil-luzern.ch\/nb\/smil\/","title":{"rendered":"Smil"},"content":{"rendered":"<div class=\"wpb-content-wrapper\"><p>[vc_row css=&raquo;.vc_custom_1504714968323{margin-top: 40px !important;margin-bottom: 0px !important;padding-top: 0px !important;padding-bottom: 0px !important;}&raquo; el_id=&raquo;team&raquo;][vc_column]\n\t\t<div class=\"row  mb64 mb-xs-40\">\n\t\t    <div class=\"col-sm-12 text-center\">\n\t\t        <div class=\"ribbon\">\n\t\t            <h6 class=\"uppercase mb0\">Team<\/h6>\n\t\t        <\/div>\n\t\t    <\/div>\n\t\t<\/div>\n\t[\/vc_column][\/vc_row][vc_row css=&raquo;.vc_custom_1504776918684{margin-top: 0px !important;margin-bottom: 0px !important;padding-top: 0px !important;padding-bottom: 0px !important;}&raquo;][vc_column width=&raquo;1\/3&#8243;][vc_single_image image=&raquo;253&#8243; img_size=&raquo;full&raquo; alignment=&raquo;center&raquo;][vc_column_text]<\/p>\n<h5>NATALIE EHRENZWEIG<\/h5>\n<p>Natalie Ehrenzweig vokste opp i Sveits, men har alltid f\u00f8lt seg halv norsk p\u00e5 grunn av hennes mor Vigdis. Hun har et intenst forhold til sitt andre hjemland.[\/vc_column_text][\/vc_column][vc_column width=&raquo;1\/3&#8243;][vc_single_image image=&raquo;251&#8243; img_size=&raquo;full&raquo; alignment=&raquo;center&raquo;][vc_column_text]<\/p>\n<h5>CHRISTINE\u00a0MEIER<\/h5>\n<p>Christine Meier har v\u00e6rt\u00a0glad i Norge siden hun arbeidet i landet\u00a0som 20-\u00e5ring som au-pair. Hennes lidenskaper er matlaging og baking \u00a0s\u00e5vel som det norske spr\u00e5ket.[\/vc_column_text][\/vc_column][vc_column width=&raquo;1\/3&#8243;][vc_single_image image=&raquo;252&#8243; img_size=&raquo;full&raquo; alignment=&raquo;center&raquo;][vc_column_text]<\/p>\n<h5>VIGDIS EHRENZWEIG<\/h5>\n<p>Vigdis Ehrenzweig er f\u00f8dt i Norge og har bodd de siste 40 \u00e5rene i Sveits. \u00d8nsket om \u00e5 arbeide som vertinne lokket henne til hotellfagskolen og Luzern.[\/vc_column_text][\/vc_column][\/vc_row][vc_row css=&raquo;.vc_custom_1504707910760{margin-top: 20px !important;margin-bottom: 0px !important;padding-top: 0px !important;padding-bottom: 0px !important;}&raquo;][vc_column width=&raquo;1\/4&#8243;][\/vc_column][vc_column width=&raquo;1\/2&#8243;]\n\t\t<div class=\"row  mb64 mb-xs-40\">\n\t\t    <div class=\"col-sm-12 text-center\">\n\t\t        <div class=\"ribbon\">\n\t\t            <h6 class=\"uppercase mb0\">Velkommen til Smil<\/h6>\n\t\t        <\/div>\n\t\t    <\/div>\n\t\t<\/div>\n\t[vc_column_text]<\/p>\n<p style=\"text-align: center;\">Vi reiser ofte til Norge og tar alltid med oss matvarer hjem \u2013 for oss selv, venner og bekjente. Ut ifra det oppstod id\u00e9en \u00e5 gj\u00f8re som asiatene eller italienerne: Vi henter s\u00f8tsakene, osten eller det norske \u00f8let til Luzern. Ettersom\u00a0vi alle liker vertskap vokste butikkid\u00e9en til kaf\u00e9-med-butikk-id\u00e9en. Frem til vi finner et egnet lokale selger vi norske produkter gjennom nettbutikken v\u00e5r og deltar p\u00e5 food-markets.<\/p>\n<p>[\/vc_column_text][vc_empty_space height=&raquo;60px&raquo;]\n\t\t<div class=\"row mb64 mb-xs-24\">\n\t\t    <div class=\"col-md-10 col-md-offset-1 text-center\">\n\t\t        <p class=\"alt-font mb8\">``MED SMIL VIL VI N\u00c5 ALLE MENNESKER, UNGE OG GAMLE, SOM VERDSETTER HYGGE, SELVPRODUSERT MAT OG ORIGINALITET``<\/p>\n\t\t        <span class=\"sub\">Natalie Ehrenzweig - gr\u00fcnder og eier<\/span>\n\t\t    <\/div>\n\t\t<\/div>\n\t[\/vc_column][vc_column width=&raquo;1\/4&#8243;][\/vc_column][\/vc_row][vc_row css=&raquo;.vc_custom_1504707901761{margin-top: 20px !important;margin-bottom: 0px !important;padding-top: 0px !important;padding-bottom: 0px !important;}&raquo;][vc_column]\n\t\t<div class=\"row  mb64 mb-xs-40\">\n\t\t    <div class=\"col-sm-12 text-center\">\n\t\t        <div class=\"ribbon\">\n\t\t            <h6 class=\"uppercase mb0\">Partnere<\/h6>\n\t\t        <\/div>\n\t\t    <\/div>\n\t\t<\/div>\n\t[\/vc_column][\/vc_row][vc_row css=&raquo;.vc_custom_1504707890584{margin-top: 20px !important;margin-bottom: 0px !important;padding-top: 0px !important;padding-bottom: 0px !important;}&raquo;][vc_column width=&raquo;1\/4&#8243;][vc_single_image image=&raquo;1601&#8243; img_size=&raquo;full&raquo; alignment=&raquo;center&raquo; onclick=&raquo;custom_link&raquo; img_link_target=&raquo;_blank&raquo; link=&raquo;http:\/\/www.thenorwegianhausfrau.com\/&raquo;][vc_column_text]<\/p>\n<p style=\"text-align: center;\"><a href=\"http:\/\/www.thenorwegianhausfrau.com\/\" target=\"_blank\" rel=\"noopener\">thenorwegianhausfrau.com<\/a><\/p>\n<p>[\/vc_column_text][\/vc_column][vc_column width=&raquo;1\/4&#8243;][vc_single_image image=&raquo;1605&#8243; img_size=&raquo;full&raquo; alignment=&raquo;center&raquo; onclick=&raquo;custom_link&raquo; img_link_target=&raquo;_blank&raquo; link=&raquo;https:\/\/www.waldenoutdoor.ch\/&raquo;][vc_column_text]<\/p>\n<p style=\"text-align: center;\"><a href=\"https:\/\/www.waldenoutdoor.ch\/\" target=\"_blank\" rel=\"noopener\">www.waldenoutdoor.ch<\/a><\/p>\n<p>[\/vc_column_text][\/vc_column][vc_column width=&raquo;1\/4&#8243;][vc_single_image image=&raquo;1599&#8243; img_size=&raquo;full&raquo; alignment=&raquo;center&raquo; onclick=&raquo;custom_link&raquo; img_link_target=&raquo;_blank&raquo; link=&raquo;http:\/\/www.norgesklubben.ch\/&raquo;][vc_column_text]<\/p>\n<p style=\"text-align: center;\"><a href=\"http:\/\/www.norgesklubben.ch\/\" target=\"_blank\" rel=\"noopener\">www.norgesklubben.ch<\/a><\/p>\n<p>[\/vc_column_text][\/vc_column][vc_column width=&raquo;1\/4&#8243;][vc_single_image image=&raquo;1603&#8243; img_size=&raquo;full&raquo; alignment=&raquo;center&raquo; onclick=&raquo;custom_link&raquo; img_link_target=&raquo;_blank&raquo; link=&raquo;https:\/\/www.webkinder.ch\/&raquo;][vc_column_text]<\/p>\n<p style=\"text-align: center;\"><a href=\"https:\/\/www.webkinder.ch\/\" target=\"_blank\" rel=\"noopener\">www.webkinder.ch<\/a><\/p>\n<p>[\/vc_column_text][\/vc_column][\/vc_row]<\/p>\n<\/div>","protected":false},"excerpt":{"rendered":"<p>[vc_row css=&raquo;.vc_custom_1504714968323{margin-top: 40px !important;margin-bottom: 0px !important;padding-top: 0px !important;padding-bottom: 0px !important;}&raquo; el_id=&raquo;team&raquo;][vc_column][\/vc_column][\/vc_row][vc_row css=&raquo;.vc_custom_1504776918684{margin-top: 0px !important;margin-bottom: 0px !important;padding-top: 0px !important;padding-bottom: 0px !important;}&raquo;][vc_column width=&raquo;1\/3&#8243;][vc_single_image image=&raquo;253&#8243; img_size=&raquo;full&raquo; alignment=&raquo;center&raquo;][vc_column_text] NATALIE EHRENZWEIG Natalie Ehrenzweig vokste opp i Sveits, men har alltid f\u00f8lt seg halv norsk p\u00e5 grunn av hennes mor Vigdis. Hun har et intenst forhold til sitt andre hjemland.[\/vc_column_text][\/vc_column][vc_column width=&raquo;1\/3&#8243;][vc_single_image [&hellip;]<\/p>\n","protected":false},"author":1,"featured_media":0,"parent":0,"menu_order":0,"comment_status":"closed","ping_status":"closed","template":"","meta":{"footnotes":""},"class_list":["post-1577","page","type-page","status-publish","hentry"],"_links":{"self":[{"href":"https:\/\/www.smil-luzern.ch\/nb\/wp-json\/wp\/v2\/pages\/1577","targetHints":{"allow":["GET"]}}],"collection":[{"href":"https:\/\/www.smil-luzern.ch\/nb\/wp-json\/wp\/v2\/pages"}],"about":[{"href":"https:\/\/www.smil-luzern.ch\/nb\/wp-json\/wp\/v2\/types\/page"}],"author":[{"embeddable":true,"href":"https:\/\/www.smil-luzern.ch\/nb\/wp-json\/wp\/v2\/users\/1"}],"replies":[{"embeddable":true,"href":"https:\/\/www.smil-luzern.ch\/nb\/wp-json\/wp\/v2\/comments?post=1577"}],"version-history":[{"count":8,"href":"https:\/\/www.smil-luzern.ch\/nb\/wp-json\/wp\/v2\/pages\/1577\/revisions"}],"predecessor-version":[{"id":1667,"href":"https:\/\/www.smil-luzern.ch\/nb\/wp-json\/wp\/v2\/pages\/1577\/revisions\/1667"}],"wp:attachment":[{"href":"https:\/\/www.smil-luzern.ch\/nb\/wp-json\/wp\/v2\/media?parent=1577"}],"curies":[{"name":"wp","href":"https:\/\/api.w.org\/{rel}","templated":true}]}}