{"id":1677,"date":"2017-09-07T13:51:24","date_gmt":"2017-09-07T11:51:24","guid":{"rendered":"http:\/\/www.smil-luzern.ch\/nb\/?page_id=1677"},"modified":"2017-09-07T13:51:24","modified_gmt":"2017-09-07T11:51:24","slug":"personvern","status":"publish","type":"page","link":"https:\/\/www.smil-luzern.ch\/nb\/personvern\/","title":{"rendered":"Personvern"},"content":{"rendered":"<h3>Datenschutz<\/h3>\n<p>Sollten sich zwischen dieser Datenschutzerkl\u00e4rung und den sonst anwendbaren Vertrags- oder Gesch\u00e4ftsbedingungen von ehmi norge GmbH bzw. Smil irgendwelche Widerspr\u00fcche ergeben, so haben die Bestimmungen dieser Datenschutzerkl\u00e4rung Vorrang.<br \/>\nDatenschutz ist Vertrauenssache und Dein Vertrauen ist uns wichtig. Wir respektieren Deine Pers\u00f6nlichkeit und Privatsph\u00e4re. Ebenso m\u00f6chten wir den Schutz und die gesetzeskonforme Bearbeitung Deiner Personendaten sicherstellen. Es ist uns ein Anliegen, dass Du der Bearbeitung Deiner Personendaten zustimmst. Mit dieser Datenschutzerkl\u00e4rung informieren wir Dich umfassend \u00fcber unsere Datenbearbeitungsmethoden. Und Du entscheidest, ob Du die Bearbeitung Deiner Personendaten w\u00fcnschst.<br \/>\nDiese Datenschutzerkl\u00e4rung erfasst sowohl historische als auch zuk\u00fcnftige Personendaten. Stimmst Du der Bearbeitung Deiner Personendaten zu, werden wir nicht nur die in Zukunft von Dir erhobenen Personendaten in \u00dcbereinstimmung mit dieser Datenschutzerkl\u00e4rung bearbeiten, sondern auch Deiner bei uns bereits gespeicherten Personendaten.<br \/>\nWenn wir in dieser Datenschutzerkl\u00e4rung von der Bearbeitung Deiner Personendaten sprechen, so meinen wir damit jeden Umgang mit Deinen Personendaten. Dazu geh\u00f6ren zum Beispiel:<\/p>\n<ul>\n<li>die Sammlung,<\/li>\n<li>Speicherung,<\/li>\n<li>Verwaltung,<\/li>\n<li>Nutzung,<\/li>\n<li>\u00dcbermittlung,<\/li>\n<li>Bekanntgabe oder<\/li>\n<li>L\u00f6schung Deiner Personendaten<\/li>\n<\/ul>\n<h3>Personendaten<\/h3>\n<p>Wir behalten Deine Personendaten so lange auf, wie wir dies zur Einhaltung der geltenden Gesetze als notwendig oder angemessen erachten oder so lange sie f\u00fcr die Zwecke, f\u00fcr die sie gesammelt wurden notwendig sind. Wir l\u00f6schen Deine Personendaten, sobald diese nicht mehr ben\u00f6tigt werden und auf jeden Fall nach Ablauf der gesetzlich vorgeschriebenen maximalen Aufbewahrungsfrist.<\/p>\n<h3>Ihre\u00a0Rechte<\/h3>\n<p>Sie haben das Recht jederzeit Deine Datenschutzrechte geltend zu machen und Auskunft \u00fcber Deine gespeicherten Personendaten zu erhalten, Deine Personendaten zu berichtigen, zu erg\u00e4nzen, der Bearbeitung Deiner Personendaten zu widersprechen oder die L\u00f6schung Deiner Personendaten zu verlangen. Die Kontaktm\u00f6glichkeiten findest Du in Ziffer 4 unten. Wir behalten uns vor, in diesem Zusammenhang elektronisch (insbesondere per E-Mail) mit Dir zu korrespondieren.<\/p>\n<p>Wir sammeln Deine Personendaten wann immer wir Kontakt zu Dir haben. Die Situationen, in denen wir Kontakt zu Dir haben, sind vielf\u00e4ltig. Beispielsweise sammeln wir Deine Personendaten unter folgenden Umst\u00e4nden:<\/p>\n<ul>\n<li>Du erwirbst unsere Waren oder Dienstleistungen;<\/li>\n<li>Du beziehst einen Newsletter oder sonstige Werbung \u00fcber unsere Waren und Dienstleistungen;<\/li>\n<li>Du nimmst an einem Wettbewerb oder Gewinnspiel teil;<\/li>\n<li>Du nimmst an einer unserer Umfragen teil<\/li>\n<li>Du nutzt oder kommunizierst mit uns oder Dritten \u00fcber unsere Internet-Seiten, Apps f\u00fcr mobile Ger\u00e4te oder Angebote auf Internet-Plattformen, Multimedia-Portalen bzw. sozialen Netzwerken<\/li>\n<\/ul>\n<h3>Wir sammeln folgende Daten:<\/h3>\n<p>Daten zur Person:<\/p>\n<ul>\n<li>Name und Vorname;<\/li>\n<li>Geburtstag und Alter;<\/li>\n<li>Wohnadresse;<\/li>\n<li>Informationen zur Kaufkraft;<\/li>\n<li>Kunden- und Einkaufspr\u00e4ferenzen;<\/li>\n<li>Lieferadresse;<\/li>\n<li>Rechnungsadresse;<\/li>\n<li>Telefonnummer(n);<\/li>\n<li>E-Mail-Adresse(n);<\/li>\n<li>Informationen zu abonnierten Newslettern oder sonstiger Werbung;<\/li>\n<li>Online-Kundenkonto-Informationen (einschliesslich Er\u00f6ffnungsdatum, Benutzernamen, Profilbilder);<\/li>\n<\/ul>\n<p>Daten zu Kundenaktivit\u00e4ten:<\/p>\n<ul>\n<li>Vertragsdaten (einschliesslich Vertragsdatum, Vertragsart, Vertragsinhalt; Vertragspartner; Vertragslaufzeit; Vertragswert; geltend gemachte Anspr\u00fcche aus Vertrag);<\/li>\n<li>Einkaufsinformationen (einschliesslich Einkaufsdatum; Einkaufsort; Einkaufszeit; Art, Menge und Wert der eingekauften Waren und Dienstleistungen; Warenkorb; abgebrochener Warenkorb; verwendete Zahlungsmittel; Zahlstelle; Einkaufshistorie);<\/li>\n<li>Kundendienstinformationen (einschliesslich Retouren von Waren, Reklamationen, Garantief\u00e4lle, Lieferungsinformationen);<\/li>\n<li>Sitzungsdaten mit Bezug auf Besuche unserer Internet-Seiten, Apps f\u00fcr mobile Ger\u00e4te oder Angebote auf Internet-Plattformen, Multimedia-Portalen bzw. sozialen Netzwerken (einschliesslich Dauer und H\u00e4ufigkeit der Besuche, Sprach- und Landesvoreinstellungen, Informationen \u00fcber Browser und Computerbetriebssystem, Internet-Protokoll-Adressen, Suchbegriffe und Suchergebnisse; abgegebene Bewertungen);<\/li>\n<li>standortbezogene Daten bei Nutzung von mobilen Ger\u00e4ten;<\/li>\n<li>Informationen \u00fcber akkumulierte Treuepunkte bei Kunden- und Treuekarten;<\/li>\n<li>Kommunikationen \u00fcber Telefon, E-Mail, Sprachnachrichten, Textnachrichten (SMS), Bildnachrichten (MMS), Videonachrichten oder Instant Messaging;<\/li>\n<\/ul>\n<h3>Cookies<\/h3>\n<p>Auf unseren Internet-Seiten verwenden wir auch sogenannte Cookies. Das sind kleine Dateien, die auf Deinem Computer oder mobilen Ger\u00e4t gespeichert werden, wenn Du eine unserer Internet-Seiten nutzt. Wir m\u00f6chten Dich \u00fcber unsere Verwendung von Cookies ebenfalls umfassend informieren.<\/p>\n<p>Warum verwenden wir Cookies?<\/p>\n<p>Die von uns genutzten Cookies dienen zun\u00e4chst dazu, die Funktionen unserer Internet-Seiten \u2013 wie zum Beispiel die Warenkorbfunktionalit\u00e4t \u2013 zu gew\u00e4hrleisten. Ausserdem verwenden wir Cookies, um unser Internet-Angebot Deinen Kundenw\u00fcnschen anzupassen und Dir das Surfen bei uns so komfortabel wie m\u00f6glich zu gestalten. Wir verwenden Cookies auch zur Optimierung unserer Werbung. Mit Cookies k\u00f6nnen wir Dir Werbung und\/oder besondere Waren und Dienstleistungen pr\u00e4sentieren, die f\u00fcr Dich aufgrund Deiner Nutzung unserer Internet-Seite besonders interessant sein k\u00f6nnten. Unser Ziel ist es dabei, unser Internet-Angebot f\u00fcr Dich so attraktiv wie m\u00f6glich zu gestalten und Dir Werbung zu pr\u00e4sentieren, die Deinen Interessengebieten entspricht.<br \/>\nWelche Cookies verwenden wir?<\/p>\n<p>Die meisten der von uns verwendeten Cookies werden nach Ende der Browser-Sitzung automatisch wieder von Deinem Computer oder mobilen Ger\u00e4t gel\u00f6scht (sogenannte Session-Cookies). Zum Beispiel verwenden wir Session-Cookies um Deine Landes- und Sprachvoreinstellungen und Deinen Warenkorb \u00fcber verschiedene Seiten einer Internet-Sitzung hinweg zu speichern.<\/p>\n<p>Dar\u00fcber hinaus verwenden wir auch tempor\u00e4re bzw. permanente Cookies. Diese bleiben nach dem Ende der Browser-Sitzung auf Deinem Computer oder mobilen Ger\u00e4t gespeichert. Bei einem weiteren Besuch auf einer unserer Internet-Seiten wird dann automatisch erkannt, welche Eingaben und Einstellungen Du bevorzugst. Diese tempor\u00e4ren bzw. permanenten Cookies bleiben je nach Art des Cookies zwischen einem Monat und zehn Jahre auf Deinem Computer oder mobilen Ger\u00e4t gespeichert und werden nach Ablauf der programmierten Zeit automatisch deaktiviert. Sie dienen dazu, unsere Internet-Seiten nutzerfreundlicher, effektiver und sicherer zu machen. Dank dieser Cookies bekommst Du beispielsweise speziell auf Deine Interessen abgestimmte Informationen auf der Seite angezeigt.<\/p>\n<p>Welche Daten sind in den Cookies gespeichert?<\/p>\n<p>In den von uns verwendeten Cookies werden keine Personendaten gespeichert. Die von uns verwendeten Cookies k\u00f6nnen keiner bestimmten Person zugeordnet werden. Bei Aktivierung eines Cookies wird diesem eine Identifikationsnummer zugewiesen.<\/p>\n<p>Wie kannst Du die Speicherung von Cookies verhindern?<\/p>\n<p>Die meisten Internet-Browser akzeptieren Cookies automatisch. Du kannst jedoch Deinen Browser anweisen, keine Cookies zu akzeptieren oder Dich jeweils anzufragen, bevor ein Cookie einer von Dir besuchten Internet-Seite akzeptiert wird. Du kannst auch Cookies auf Deinem Computer oder mobilen Ger\u00e4t l\u00f6schen, indem Du die entsprechende Funktion Deines Browsers benutzt. Falls Du dich entschliesst, unsere Cookies oder die Cookies unserer Partnerunternehmen nicht zu akzeptieren, wirst Du auf unseren Internet-Seiten gewisse Informationen nicht sehen und einige Funktionen, die Deinen Besuch verbessern sollen, nicht nutzen k\u00f6nnen.<\/p>\n<p>Wie verwenden wir Web Analyse-Tools?<\/p>\n<p>Um unser Internet-Angebot stetig zu verbessern und zu optimieren, nutzen wir sogenannte Tracking-Technologien. Web Analyse-Tools stellen uns Statistiken und Grafiken zu Verf\u00fcgung, die uns Aufschluss \u00fcber die Verwendung unserer Internet-Seiten geben. Dabei werden die Daten \u00fcber die Benutzung einer Internet-Seite an den dazu verwendeten Server \u00fcbertragen. Je nach Anbieter eines Web Analyse-Tools k\u00f6nnen diese Server im Ausland stehen. F\u00fcr das am h\u00e4ufigsten verwendete Web Analyse-Tool, Google Analytics, werden diese Daten inklusive gek\u00fcrzter IP Adressen \u00fcbertragen, was die Identifikation einzelner Ger\u00e4te verhindert. Google beachtet die Datenschutzbestimmungen des \u201eU.S.-Swiss Safe Harbor Framework\u201c-Abkommens und ist beim \u201eSafe Harbor\u201c-Programm des US-Handelsministeriums registriert. Die im Rahmen von Google Analytics von Deinem Browser \u00fcbermittelte IP-Adresse wird nicht mit anderen Daten von Google zusammengef\u00fchrt. Eine \u00dcbertragung dieser Daten durch Google an Dritte findet nur aufgrund gesetzlicher Vorschriften oder im Rahmen der Auftragsdatenverarbeitung statt.<\/p>\n<p>Sollten innerhalb der ehmi norge GmbH andere Web Analyse-Tools verwendet werden, so ist der Prozess der Datensammlung prinzipiell der Gleiche.<\/p>\n","protected":false},"excerpt":{"rendered":"<p>Datenschutz Sollten sich zwischen dieser Datenschutzerkl\u00e4rung und den sonst anwendbaren Vertrags- oder Gesch\u00e4ftsbedingungen von ehmi norge GmbH bzw. Smil irgendwelche Widerspr\u00fcche ergeben, so haben die Bestimmungen dieser Datenschutzerkl\u00e4rung Vorrang. Datenschutz ist Vertrauenssache und Dein Vertrauen ist uns wichtig. Wir respektieren Deine Pers\u00f6nlichkeit und Privatsph\u00e4re. Ebenso m\u00f6chten wir den Schutz und die gesetzeskonforme Bearbeitung Deiner Personendaten [&hellip;]<\/p>\n","protected":false},"author":1,"featured_media":0,"parent":0,"menu_order":0,"comment_status":"closed","ping_status":"closed","template":"","meta":{"footnotes":""},"class_list":["post-1677","page","type-page","status-publish","hentry"],"_links":{"self":[{"href":"https:\/\/www.smil-luzern.ch\/nb\/wp-json\/wp\/v2\/pages\/1677","targetHints":{"allow":["GET"]}}],"collection":[{"href":"https:\/\/www.smil-luzern.ch\/nb\/wp-json\/wp\/v2\/pages"}],"about":[{"href":"https:\/\/www.smil-luzern.ch\/nb\/wp-json\/wp\/v2\/types\/page"}],"author":[{"embeddable":true,"href":"https:\/\/www.smil-luzern.ch\/nb\/wp-json\/wp\/v2\/users\/1"}],"replies":[{"embeddable":true,"href":"https:\/\/www.smil-luzern.ch\/nb\/wp-json\/wp\/v2\/comments?post=1677"}],"version-history":[{"count":1,"href":"https:\/\/www.smil-luzern.ch\/nb\/wp-json\/wp\/v2\/pages\/1677\/revisions"}],"predecessor-version":[{"id":1678,"href":"https:\/\/www.smil-luzern.ch\/nb\/wp-json\/wp\/v2\/pages\/1677\/revisions\/1678"}],"wp:attachment":[{"href":"https:\/\/www.smil-luzern.ch\/nb\/wp-json\/wp\/v2\/media?parent=1677"}],"curies":[{"name":"wp","href":"https:\/\/api.w.org\/{rel}","templated":true}]}}