{"id":721,"date":"2016-06-03T14:33:39","date_gmt":"2016-06-03T12:33:39","guid":{"rendered":"https:\/\/www.smil-luzern.ch\/product\/kaviar-2\/"},"modified":"2026-03-16T20:23:59","modified_gmt":"2026-03-16T19:23:59","slug":"kaviar","status":"publish","type":"product","link":"https:\/\/www.smil-luzern.ch\/nb\/produkt\/kaviar\/","title":{"rendered":"Kaviar"},"content":{"rendered":"<p>Ingredienser:\u00a0Lettr\u00f8kt og sukkersaltet rogn fra skrei (45 %), rapsolje, sukker, vann, potetflak, konserveringsmiddel (natriumbenzoat, kaliumsorbat), eddik, fargestoff (karmin, beta-apo-8`-karotenal)<\/p>\n","protected":false},"excerpt":{"rendered":"<p>Kaviar p\u00e5 br\u00f8dskiva? Ja! I Norge har vi en slaks hverdagskaviar. Noe nytt p\u00e5 frokost-br\u00f8dskiva.<\/p>\n","protected":false},"featured_media":563,"template":"","meta":[],"product_brand":[],"product_cat":[137],"product_tag":[],"class_list":{"0":"post-721","1":"product","2":"type-product","3":"status-publish","4":"has-post-thumbnail","6":"product_cat-unkategorisiert","8":"first","9":"outofstock","10":"taxable","11":"shipping-taxable","12":"purchasable","13":"product-type-simple"},"_links":{"self":[{"href":"https:\/\/www.smil-luzern.ch\/nb\/wp-json\/wp\/v2\/product\/721","targetHints":{"allow":["GET"]}}],"collection":[{"href":"https:\/\/www.smil-luzern.ch\/nb\/wp-json\/wp\/v2\/product"}],"about":[{"href":"https:\/\/www.smil-luzern.ch\/nb\/wp-json\/wp\/v2\/types\/product"}],"wp:featuredmedia":[{"embeddable":true,"href":"https:\/\/www.smil-luzern.ch\/nb\/wp-json\/wp\/v2\/media\/563"}],"wp:attachment":[{"href":"https:\/\/www.smil-luzern.ch\/nb\/wp-json\/wp\/v2\/media?parent=721"}],"wp:term":[{"taxonomy":"product_brand","embeddable":true,"href":"https:\/\/www.smil-luzern.ch\/nb\/wp-json\/wp\/v2\/product_brand?post=721"},{"taxonomy":"product_cat","embeddable":true,"href":"https:\/\/www.smil-luzern.ch\/nb\/wp-json\/wp\/v2\/product_cat?post=721"},{"taxonomy":"product_tag","embeddable":true,"href":"https:\/\/www.smil-luzern.ch\/nb\/wp-json\/wp\/v2\/product_tag?post=721"}],"curies":[{"name":"wp","href":"https:\/\/api.w.org\/{rel}","templated":true}]}}