{"id":724,"date":"2016-06-03T14:40:10","date_gmt":"2016-06-03T12:40:10","guid":{"rendered":"https:\/\/www.smil-luzern.ch\/product\/makrell-i-tomatsaus\/"},"modified":"2026-03-15T12:18:07","modified_gmt":"2026-03-15T11:18:07","slug":"makrele-in-tomatensauce","status":"publish","type":"product","link":"https:\/\/www.smil-luzern.ch\/nb\/produkt\/makrele-in-tomatensauce\/","title":{"rendered":"Makrell i tomatsaus"},"content":{"rendered":"<p>Ingredienser: Makrellfilet 60%, tomatsaus 40 % (tomatpur\u00e9, vann, rapsolje, sukker, salt, antioksidant (askorbin- og sitronsyre)<\/p>\n","protected":false},"excerpt":{"rendered":"<p>I Norge spiser vi fisk ogs\u00e5 p\u00e5 br\u00f8dskiva.<\/p>\n","protected":false},"featured_media":568,"template":"","meta":[],"product_brand":[],"product_cat":[137],"product_tag":[],"class_list":{"0":"post-724","1":"product","2":"type-product","3":"status-publish","4":"has-post-thumbnail","6":"product_cat-unkategorisiert","8":"first","9":"instock","10":"taxable","11":"shipping-taxable","12":"purchasable","13":"product-type-simple"},"_links":{"self":[{"href":"https:\/\/www.smil-luzern.ch\/nb\/wp-json\/wp\/v2\/product\/724","targetHints":{"allow":["GET"]}}],"collection":[{"href":"https:\/\/www.smil-luzern.ch\/nb\/wp-json\/wp\/v2\/product"}],"about":[{"href":"https:\/\/www.smil-luzern.ch\/nb\/wp-json\/wp\/v2\/types\/product"}],"wp:featuredmedia":[{"embeddable":true,"href":"https:\/\/www.smil-luzern.ch\/nb\/wp-json\/wp\/v2\/media\/568"}],"wp:attachment":[{"href":"https:\/\/www.smil-luzern.ch\/nb\/wp-json\/wp\/v2\/media?parent=724"}],"wp:term":[{"taxonomy":"product_brand","embeddable":true,"href":"https:\/\/www.smil-luzern.ch\/nb\/wp-json\/wp\/v2\/product_brand?post=724"},{"taxonomy":"product_cat","embeddable":true,"href":"https:\/\/www.smil-luzern.ch\/nb\/wp-json\/wp\/v2\/product_cat?post=724"},{"taxonomy":"product_tag","embeddable":true,"href":"https:\/\/www.smil-luzern.ch\/nb\/wp-json\/wp\/v2\/product_tag?post=724"}],"curies":[{"name":"wp","href":"https:\/\/api.w.org\/{rel}","templated":true}]}}