{"id":726,"date":"2016-06-03T14:58:52","date_gmt":"2016-06-03T12:58:52","guid":{"rendered":"https:\/\/www.smil-luzern.ch\/product\/leverpostei-2\/"},"modified":"2026-03-13T21:34:32","modified_gmt":"2026-03-13T20:34:32","slug":"leverpostei","status":"publish","type":"product","link":"https:\/\/www.smil-luzern.ch\/nb\/produkt\/leverpostei\/","title":{"rendered":"Leverpostei"},"content":{"rendered":"<p>Ingredienser:\u00a0Svinelever 31%), vann, svinefett, svinekj\u00f8tt, rapsolje, hvetemel, salt, ansjos, sukker, dekstrose, tomatpur\u00e9, sitrusfiber, fortykningsmiddel (karragenan, johannesbr\u00f8dkjernemel, xantangummi)surhetsregulerende middel (natriumsitrat, kaliumklorid), krydder, antioksidant (askorbinsyre), gj\u00e6rekstrakt, aroma, konsereveringsmiddel (natriumnitritt)<\/p>\n","protected":false},"excerpt":{"rendered":"<p>Norsk leverpostei h\u00f8rer med en norsk frokost &#8211; gjerne med en agurkskive p\u00e5.<\/p>\n","protected":false},"featured_media":566,"template":"","meta":[],"product_brand":[],"product_cat":[137],"product_tag":[],"class_list":{"0":"post-726","1":"product","2":"type-product","3":"status-publish","4":"has-post-thumbnail","6":"product_cat-unkategorisiert","8":"first","9":"instock","10":"taxable","11":"shipping-taxable","12":"purchasable","13":"product-type-simple"},"_links":{"self":[{"href":"https:\/\/www.smil-luzern.ch\/nb\/wp-json\/wp\/v2\/product\/726","targetHints":{"allow":["GET"]}}],"collection":[{"href":"https:\/\/www.smil-luzern.ch\/nb\/wp-json\/wp\/v2\/product"}],"about":[{"href":"https:\/\/www.smil-luzern.ch\/nb\/wp-json\/wp\/v2\/types\/product"}],"wp:featuredmedia":[{"embeddable":true,"href":"https:\/\/www.smil-luzern.ch\/nb\/wp-json\/wp\/v2\/media\/566"}],"wp:attachment":[{"href":"https:\/\/www.smil-luzern.ch\/nb\/wp-json\/wp\/v2\/media?parent=726"}],"wp:term":[{"taxonomy":"product_brand","embeddable":true,"href":"https:\/\/www.smil-luzern.ch\/nb\/wp-json\/wp\/v2\/product_brand?post=726"},{"taxonomy":"product_cat","embeddable":true,"href":"https:\/\/www.smil-luzern.ch\/nb\/wp-json\/wp\/v2\/product_cat?post=726"},{"taxonomy":"product_tag","embeddable":true,"href":"https:\/\/www.smil-luzern.ch\/nb\/wp-json\/wp\/v2\/product_tag?post=726"}],"curies":[{"name":"wp","href":"https:\/\/api.w.org\/{rel}","templated":true}]}}