{"id":795,"date":"2016-10-04T16:10:02","date_gmt":"2016-10-04T14:20:27","guid":{"rendered":"https:\/\/www.smil-luzern.ch\/?post_type=product&#038;p=795"},"modified":"2026-01-03T13:05:03","modified_gmt":"2026-01-03T12:05:03","slug":"rentier-wurst","status":"publish","type":"product","link":"https:\/\/www.smil-luzern.ch\/nb\/produkt\/rentier-wurst\/","title":{"rendered":"Reinsdyrp\u00f8lse"},"content":{"rendered":"<p>Ingredienser:\u00a0Svinekj\u00f8tt, hjertekj\u00f8tt, storfekj\u00f8tt, reinsdyrkj\u00f8tt 18%, spekk,\u00a0salt, sukker, krydder, l\u00f8k, blodpulver, konserveringsmiddel E250<\/p>\n","protected":false},"excerpt":{"rendered":"<p>Ingredienser:\u00a0Svinekj\u00f8tt, hjertekj\u00f8tt, storfekj\u00f8tt, reinsdyrkj\u00f8tt 18%, spekk,\u00a0salt, sukker, krydder, l\u00f8k, blodpulver, konserveringsmiddel E250<\/p>\n","protected":false},"featured_media":848,"template":"","meta":[],"product_brand":[],"product_cat":[137],"product_tag":[],"class_list":{"0":"post-795","1":"product","2":"type-product","3":"status-publish","4":"has-post-thumbnail","6":"product_cat-unkategorisiert","8":"first","9":"instock","10":"taxable","11":"shipping-taxable","12":"purchasable","13":"product-type-simple"},"_links":{"self":[{"href":"https:\/\/www.smil-luzern.ch\/nb\/wp-json\/wp\/v2\/product\/795","targetHints":{"allow":["GET"]}}],"collection":[{"href":"https:\/\/www.smil-luzern.ch\/nb\/wp-json\/wp\/v2\/product"}],"about":[{"href":"https:\/\/www.smil-luzern.ch\/nb\/wp-json\/wp\/v2\/types\/product"}],"wp:featuredmedia":[{"embeddable":true,"href":"https:\/\/www.smil-luzern.ch\/nb\/wp-json\/wp\/v2\/media\/848"}],"wp:attachment":[{"href":"https:\/\/www.smil-luzern.ch\/nb\/wp-json\/wp\/v2\/media?parent=795"}],"wp:term":[{"taxonomy":"product_brand","embeddable":true,"href":"https:\/\/www.smil-luzern.ch\/nb\/wp-json\/wp\/v2\/product_brand?post=795"},{"taxonomy":"product_cat","embeddable":true,"href":"https:\/\/www.smil-luzern.ch\/nb\/wp-json\/wp\/v2\/product_cat?post=795"},{"taxonomy":"product_tag","embeddable":true,"href":"https:\/\/www.smil-luzern.ch\/nb\/wp-json\/wp\/v2\/product_tag?post=795"}],"curies":[{"name":"wp","href":"https:\/\/api.w.org\/{rel}","templated":true}]}}